{"id":84,"date":"2013-01-15T19:55:45","date_gmt":"2013-01-15T19:55:45","guid":{"rendered":"http:\/\/brings-online.com\/demo\/praxis\/?page_id=84"},"modified":"2016-02-03T11:32:04","modified_gmt":"2016-02-03T10:32:04","slug":"notruf","status":"publish","type":"page","link":"https:\/\/www.dr-martinalemke.de\/index.php\/notruf\/","title":{"rendered":"Notruf"},"content":{"rendered":"<p>In dringenden F\u00e4llen und\/oder au\u00dferhalb der Sprechstunden wenden Sie sich bitte an nachfolgende Rufnummern.<\/p>\n<p>&nbsp;<\/p>\n<h4 class=\"orange\"><span style=\"text-decoration: underline;\">Notfallnummern<\/span><\/h4>\n<p>Allgemein\u00e4rztlicher Bereitschaftsdienst, Telefon <span style=\"color: #ff0000;\"><strong>116 117<\/strong><\/span><\/p>\n<p>Feuerwehr\/Rettungsleitstelle\/Notarzt, Telefon <span style=\"color: #ff0000;\"><strong>112<\/strong><\/span><\/p>\n<p>Polizei, Telefon <strong><span style=\"color: #ff0000;\">110<\/span><\/strong><\/p>\n<p>&nbsp;<\/p>\n<h4 class=\"orange\"><span style=\"text-decoration: underline;\">In Notf\u00e4llen, die die akute Versorgung durch einen Notarzt erfordern,<\/span><br \/>\n<span style=\"text-decoration: underline;\"> k\u00f6nnen Sie folgende Rufnummern w\u00e4hlen<\/span><\/h4>\n<p>M\u00fcnchen, Telefon <strong><span style=\"color: #ff0000;\">112<\/span><\/strong><\/p>\n<p>Bayernweit, Telefon <strong><span style=\"color: #ff0000;\">116 117<\/span><\/strong><\/p>\n<p>&nbsp;<\/p>\n<h4><span style=\"text-decoration: underline;\">Bei Vergiftungen wenden Sie sich bitte an:<\/span><\/h4>\n<p>Toxikologie Rechts der Isar &#8211; M\u00fcnchen, Telefon <strong><span style=\"color: #ff0000;\">(089) 19 24 0<\/span><\/strong><\/p>\n<p>Vergiftungszentrale Berlin, Telefon <strong><span style=\"color: #ff0000;\">(030) 19 24 0<\/span><\/strong><\/p>\n<p>&nbsp;<\/p>\n<h4 class=\"orange\"><span style=\"text-decoration: underline;\">Links<\/span><\/h4>\n<p>\u00c4rztlicher Notdienst in M\u00fcnchen<a href=\"http:\/\/www.arzt-muenchen.net\/\">\u00a0www.arzt-muenchen.net<\/a><\/p>\n<p>Notdienst Apotheken<a href=\"http:\/\/www.apotheken.de\/\">\u00a0www.apotheken.de<\/a><\/p>\n<p>&nbsp;<\/p>\n<p>Bitte halten Sie folgende Daten bereit:<\/p>\n<ul>\n<li>Name und Vorname<\/li>\n<li>Geburtsdatum\/Alter<\/li>\n<li>Stra\u00dfe, Hausnummer und ggfls. Etage<\/li>\n<li>Ort und Postleitzahl<\/li>\n<li>Telefonnummer<\/li>\n<li>Angaben zum Gesundheitszustand.<\/li>\n<\/ul>\n","protected":false},"excerpt":{"rendered":"<p>In dringenden F\u00e4llen und\/oder au\u00dferhalb der Sprechstunden wenden Sie sich bitte an nachfolgende Rufnummern. &nbsp; Notfallnummern Allgemein\u00e4rztlicher Bereitschaftsdienst, Telefon 116 117 Feuerwehr\/Rettungsleitstelle\/Notarzt, Telefon 112 Polizei, Telefon 110 &nbsp; In Notf\u00e4llen, die die akute Versorgung durch einen Notarzt erfordern, k\u00f6nnen Sie folgende Rufnummern w\u00e4hlen M\u00fcnchen, Telefon 112 Bayernweit, Telefon 116 117 &nbsp; Bei Vergiftungen wenden Sie [&hellip;]<\/p>\n","protected":false},"author":2,"featured_media":0,"parent":0,"menu_order":0,"comment_status":"open","ping_status":"open","template":"","meta":{"footnotes":""},"class_list":["post-84","page","type-page","status-publish","hentry"],"yoast_head":"<!-- This site is optimized with the Yoast SEO plugin v27.3 - https:\/\/yoast.com\/product\/yoast-seo-wordpress\/ -->\n<title>Notruf - Dr. Martina Lemke<\/title>\n<meta name=\"robots\" content=\"index, follow, max-snippet:-1, max-image-preview:large, max-video-preview:-1\" \/>\n<link rel=\"canonical\" href=\"https:\/\/www.dr-martinalemke.de\/index.php\/notruf\/\" \/>\n<meta property=\"og:locale\" content=\"de_DE\" \/>\n<meta property=\"og:type\" content=\"article\" \/>\n<meta property=\"og:title\" content=\"Notruf - Dr. Martina Lemke\" \/>\n<meta property=\"og:description\" content=\"In dringenden F\u00e4llen und\/oder au\u00dferhalb der Sprechstunden wenden Sie sich bitte an nachfolgende Rufnummern. &nbsp; Notfallnummern Allgemein\u00e4rztlicher Bereitschaftsdienst, Telefon 116 117 Feuerwehr\/Rettungsleitstelle\/Notarzt, Telefon 112 Polizei, Telefon 110 &nbsp; In Notf\u00e4llen, die die akute Versorgung durch einen Notarzt erfordern, k\u00f6nnen Sie folgende Rufnummern w\u00e4hlen M\u00fcnchen, Telefon 112 Bayernweit, Telefon 116 117 &nbsp; Bei Vergiftungen wenden Sie [&hellip;]\" \/>\n<meta property=\"og:url\" content=\"https:\/\/www.dr-martinalemke.de\/index.php\/notruf\/\" \/>\n<meta property=\"og:site_name\" content=\"Dr. Martina Lemke\" \/>\n<meta property=\"article:modified_time\" content=\"2016-02-03T10:32:04+00:00\" \/>\n<meta name=\"twitter:card\" content=\"summary_large_image\" \/>\n<meta name=\"twitter:label1\" content=\"Gesch\u00e4tzte Lesezeit\" \/>\n\t<meta name=\"twitter:data1\" content=\"1\u00a0Minute\" \/>\n<script type=\"application\/ld+json\" class=\"yoast-schema-graph\">{\"@context\":\"https:\\\/\\\/schema.org\",\"@graph\":[{\"@type\":\"WebPage\",\"@id\":\"https:\\\/\\\/www.dr-martinalemke.de\\\/index.php\\\/notruf\\\/\",\"url\":\"https:\\\/\\\/www.dr-martinalemke.de\\\/index.php\\\/notruf\\\/\",\"name\":\"Notruf - Dr. Martina Lemke\",\"isPartOf\":{\"@id\":\"https:\\\/\\\/www.dr-martinalemke.de\\\/#website\"},\"datePublished\":\"2013-01-15T19:55:45+00:00\",\"dateModified\":\"2016-02-03T10:32:04+00:00\",\"breadcrumb\":{\"@id\":\"https:\\\/\\\/www.dr-martinalemke.de\\\/index.php\\\/notruf\\\/#breadcrumb\"},\"inLanguage\":\"de\",\"potentialAction\":[{\"@type\":\"ReadAction\",\"target\":[\"https:\\\/\\\/www.dr-martinalemke.de\\\/index.php\\\/notruf\\\/\"]}]},{\"@type\":\"BreadcrumbList\",\"@id\":\"https:\\\/\\\/www.dr-martinalemke.de\\\/index.php\\\/notruf\\\/#breadcrumb\",\"itemListElement\":[{\"@type\":\"ListItem\",\"position\":1,\"name\":\"Startseite\",\"item\":\"https:\\\/\\\/www.dr-martinalemke.de\\\/\"},{\"@type\":\"ListItem\",\"position\":2,\"name\":\"Notruf\"}]},{\"@type\":\"WebSite\",\"@id\":\"https:\\\/\\\/www.dr-martinalemke.de\\\/#website\",\"url\":\"https:\\\/\\\/www.dr-martinalemke.de\\\/\",\"name\":\"Dr. Martina Lemke\",\"description\":\"Ihre pers\u00f6nliche Arztpraxis\",\"potentialAction\":[{\"@type\":\"SearchAction\",\"target\":{\"@type\":\"EntryPoint\",\"urlTemplate\":\"https:\\\/\\\/www.dr-martinalemke.de\\\/?s={search_term_string}\"},\"query-input\":{\"@type\":\"PropertyValueSpecification\",\"valueRequired\":true,\"valueName\":\"search_term_string\"}}],\"inLanguage\":\"de\"}]}<\/script>\n<!-- \/ Yoast SEO plugin. -->","yoast_head_json":{"title":"Notruf - Dr. Martina Lemke","robots":{"index":"index","follow":"follow","max-snippet":"max-snippet:-1","max-image-preview":"max-image-preview:large","max-video-preview":"max-video-preview:-1"},"canonical":"https:\/\/www.dr-martinalemke.de\/index.php\/notruf\/","og_locale":"de_DE","og_type":"article","og_title":"Notruf - Dr. Martina Lemke","og_description":"In dringenden F\u00e4llen und\/oder au\u00dferhalb der Sprechstunden wenden Sie sich bitte an nachfolgende Rufnummern. &nbsp; Notfallnummern Allgemein\u00e4rztlicher Bereitschaftsdienst, Telefon 116 117 Feuerwehr\/Rettungsleitstelle\/Notarzt, Telefon 112 Polizei, Telefon 110 &nbsp; In Notf\u00e4llen, die die akute Versorgung durch einen Notarzt erfordern, k\u00f6nnen Sie folgende Rufnummern w\u00e4hlen M\u00fcnchen, Telefon 112 Bayernweit, Telefon 116 117 &nbsp; Bei Vergiftungen wenden Sie [&hellip;]","og_url":"https:\/\/www.dr-martinalemke.de\/index.php\/notruf\/","og_site_name":"Dr. Martina Lemke","article_modified_time":"2016-02-03T10:32:04+00:00","twitter_card":"summary_large_image","twitter_misc":{"Gesch\u00e4tzte Lesezeit":"1\u00a0Minute"},"schema":{"@context":"https:\/\/schema.org","@graph":[{"@type":"WebPage","@id":"https:\/\/www.dr-martinalemke.de\/index.php\/notruf\/","url":"https:\/\/www.dr-martinalemke.de\/index.php\/notruf\/","name":"Notruf - Dr. Martina Lemke","isPartOf":{"@id":"https:\/\/www.dr-martinalemke.de\/#website"},"datePublished":"2013-01-15T19:55:45+00:00","dateModified":"2016-02-03T10:32:04+00:00","breadcrumb":{"@id":"https:\/\/www.dr-martinalemke.de\/index.php\/notruf\/#breadcrumb"},"inLanguage":"de","potentialAction":[{"@type":"ReadAction","target":["https:\/\/www.dr-martinalemke.de\/index.php\/notruf\/"]}]},{"@type":"BreadcrumbList","@id":"https:\/\/www.dr-martinalemke.de\/index.php\/notruf\/#breadcrumb","itemListElement":[{"@type":"ListItem","position":1,"name":"Startseite","item":"https:\/\/www.dr-martinalemke.de\/"},{"@type":"ListItem","position":2,"name":"Notruf"}]},{"@type":"WebSite","@id":"https:\/\/www.dr-martinalemke.de\/#website","url":"https:\/\/www.dr-martinalemke.de\/","name":"Dr. Martina Lemke","description":"Ihre pers\u00f6nliche Arztpraxis","potentialAction":[{"@type":"SearchAction","target":{"@type":"EntryPoint","urlTemplate":"https:\/\/www.dr-martinalemke.de\/?s={search_term_string}"},"query-input":{"@type":"PropertyValueSpecification","valueRequired":true,"valueName":"search_term_string"}}],"inLanguage":"de"}]}},"_links":{"self":[{"href":"https:\/\/www.dr-martinalemke.de\/index.php\/wp-json\/wp\/v2\/pages\/84","targetHints":{"allow":["GET"]}}],"collection":[{"href":"https:\/\/www.dr-martinalemke.de\/index.php\/wp-json\/wp\/v2\/pages"}],"about":[{"href":"https:\/\/www.dr-martinalemke.de\/index.php\/wp-json\/wp\/v2\/types\/page"}],"author":[{"embeddable":true,"href":"https:\/\/www.dr-martinalemke.de\/index.php\/wp-json\/wp\/v2\/users\/2"}],"replies":[{"embeddable":true,"href":"https:\/\/www.dr-martinalemke.de\/index.php\/wp-json\/wp\/v2\/comments?post=84"}],"version-history":[{"count":0,"href":"https:\/\/www.dr-martinalemke.de\/index.php\/wp-json\/wp\/v2\/pages\/84\/revisions"}],"wp:attachment":[{"href":"https:\/\/www.dr-martinalemke.de\/index.php\/wp-json\/wp\/v2\/media?parent=84"}],"curies":[{"name":"wp","href":"https:\/\/api.w.org\/{rel}","templated":true}]}}