{"id":31,"date":"2012-01-21T18:37:35","date_gmt":"2012-01-21T18:37:35","guid":{"rendered":"http:\/\/brings-online.com\/demo\/praxis\/?page_id=31"},"modified":"2016-02-03T10:29:31","modified_gmt":"2016-02-03T09:29:31","slug":"impressum","status":"publish","type":"page","link":"https:\/\/www.dr-martinalemke.de\/index.php\/impressum\/","title":{"rendered":"Impressum"},"content":{"rendered":"<p><b>Inhaltlich Verantwortliche:<\/b><br \/>\nDr. med.\u00a0Martina Lemke<\/p>\n<p>Helene-Mayer-Ring 14<br \/>\n80809 M\u00fcnchen<\/p>\n<p><b>Anschrift und Kontaktm\u00f6glichkeit:<\/b><br \/>\nDr. med.\u00a0Martina Lemke<\/p>\n<p>Helene-Mayer-Ring 14<br \/>\n80809 M\u00fcnchen<\/p>\n<p>Tel. 089\/35 74 72 00<\/p>\n<p><b>e-mail: <\/b><a href=\"mailto:info@dr-martinalemke.de\">info@dr-martinalemke.de<\/a><b><br \/>\n<\/b><br \/>\n<b>Zust\u00e4ndige Aufsichtsbeh\u00f6rde:<\/b><br \/>\nKassen\u00e4rztliche Vereinigung Bayerns<br \/>\nElsenheimerstr. 39<br \/>\n80687 M\u00fcnchen<br \/>\n<a href=\"http:\/\/www.kvb.de\/\" target=\"_blank\">www.kvb.de<\/a><br \/>\n<b>Zust\u00e4ndige \u00c4rztekammer:<\/b><br \/>\nBayerische Landes\u00e4rztekammer<br \/>\nM\u00fchlbaurstr. 16<br \/>\n81677 M\u00fcnchen<br \/>\n<a href=\"http:\/\/www.blaek.de\/\" target=\"_blank\">www.blaek.de<\/a><br \/>\n<b>Gesetzliche Berufsbezeichung:<\/b><br \/>\nArzt\/\u00c4rztin<br \/>\n<b>Staat, der die Berufsbezeichung verliehen hat:<\/b><br \/>\nBundesrepublik\u00a0 Deutschland<br \/>\n<b>Berufsrechtliche Regelung:<\/b><br \/>\nBerufsordnung f\u00fcr die \u00c4rzte Bayerns<br \/>\n<a href=\"http:\/\/www.blaek.de\/\" target=\"_blank\">www.blaek.de<\/a><\/p>\n<p><b><strong>Haftungshinweis:<br \/>\n<\/strong><\/b>Trotz sorgf\u00e4ltiger inhaltlicher Kontrolle \u00fcbernehmen wir keine Haftung f\u00fcr die Inhalte externer Links. F\u00fcr den Inhalt der verlinkten Seiten sind ausschlie\u00dflich deren Betreiber verantwortlich<b>.<\/b><\/p>\n<p>Design:<br \/>\nnonius.net Joachim Hergert<\/p>\n<p><b>Fotos:<\/b><br \/>\nDr. med. Martina Lemke<br \/>\nJoachim Hergert<br \/>\npixabay.com<\/p>\n<p>&nbsp;<\/p>\n","protected":false},"excerpt":{"rendered":"<p>Inhaltlich Verantwortliche: Dr. med.\u00a0Martina Lemke Helene-Mayer-Ring 14 80809 M\u00fcnchen Anschrift und Kontaktm\u00f6glichkeit: Dr. med.\u00a0Martina Lemke Helene-Mayer-Ring 14 80809 M\u00fcnchen Tel. 089\/35 74 72 00 e-mail: info@dr-martinalemke.de Zust\u00e4ndige Aufsichtsbeh\u00f6rde: Kassen\u00e4rztliche Vereinigung Bayerns Elsenheimerstr. 39 80687 M\u00fcnchen www.kvb.de Zust\u00e4ndige \u00c4rztekammer: Bayerische Landes\u00e4rztekammer M\u00fchlbaurstr. 16 81677 M\u00fcnchen www.blaek.de Gesetzliche Berufsbezeichung: Arzt\/\u00c4rztin Staat, der die Berufsbezeichung verliehen hat: Bundesrepublik\u00a0 [&hellip;]<\/p>\n","protected":false},"author":2,"featured_media":0,"parent":0,"menu_order":0,"comment_status":"open","ping_status":"open","template":"","meta":{"footnotes":""},"class_list":["post-31","page","type-page","status-publish","hentry"],"yoast_head":"<!-- This site is optimized with the Yoast SEO plugin v27.5 - https:\/\/yoast.com\/product\/yoast-seo-wordpress\/ -->\n<title>Impressum - Dr. Martina Lemke<\/title>\n<meta name=\"robots\" content=\"index, follow, max-snippet:-1, max-image-preview:large, max-video-preview:-1\" \/>\n<link rel=\"canonical\" href=\"https:\/\/www.dr-martinalemke.de\/index.php\/impressum\/\" \/>\n<meta property=\"og:locale\" content=\"de_DE\" \/>\n<meta property=\"og:type\" content=\"article\" \/>\n<meta property=\"og:title\" content=\"Impressum - Dr. Martina Lemke\" \/>\n<meta property=\"og:description\" content=\"Inhaltlich Verantwortliche: Dr. med.\u00a0Martina Lemke Helene-Mayer-Ring 14 80809 M\u00fcnchen Anschrift und Kontaktm\u00f6glichkeit: Dr. med.\u00a0Martina Lemke Helene-Mayer-Ring 14 80809 M\u00fcnchen Tel. 089\/35 74 72 00 e-mail: info@dr-martinalemke.de Zust\u00e4ndige Aufsichtsbeh\u00f6rde: Kassen\u00e4rztliche Vereinigung Bayerns Elsenheimerstr. 39 80687 M\u00fcnchen www.kvb.de Zust\u00e4ndige \u00c4rztekammer: Bayerische Landes\u00e4rztekammer M\u00fchlbaurstr. 16 81677 M\u00fcnchen www.blaek.de Gesetzliche Berufsbezeichung: Arzt\/\u00c4rztin Staat, der die Berufsbezeichung verliehen hat: Bundesrepublik\u00a0 [&hellip;]\" \/>\n<meta property=\"og:url\" content=\"https:\/\/www.dr-martinalemke.de\/index.php\/impressum\/\" \/>\n<meta property=\"og:site_name\" content=\"Dr. Martina Lemke\" \/>\n<meta property=\"article:modified_time\" content=\"2016-02-03T09:29:31+00:00\" \/>\n<meta name=\"twitter:card\" content=\"summary_large_image\" \/>\n<meta name=\"twitter:label1\" content=\"Gesch\u00e4tzte Lesezeit\" \/>\n\t<meta name=\"twitter:data1\" content=\"1\u00a0Minute\" \/>\n<script type=\"application\/ld+json\" class=\"yoast-schema-graph\">{\"@context\":\"https:\\\/\\\/schema.org\",\"@graph\":[{\"@type\":\"WebPage\",\"@id\":\"https:\\\/\\\/www.dr-martinalemke.de\\\/index.php\\\/impressum\\\/\",\"url\":\"https:\\\/\\\/www.dr-martinalemke.de\\\/index.php\\\/impressum\\\/\",\"name\":\"Impressum - Dr. Martina Lemke\",\"isPartOf\":{\"@id\":\"https:\\\/\\\/www.dr-martinalemke.de\\\/#website\"},\"datePublished\":\"2012-01-21T18:37:35+00:00\",\"dateModified\":\"2016-02-03T09:29:31+00:00\",\"breadcrumb\":{\"@id\":\"https:\\\/\\\/www.dr-martinalemke.de\\\/index.php\\\/impressum\\\/#breadcrumb\"},\"inLanguage\":\"de\",\"potentialAction\":[{\"@type\":\"ReadAction\",\"target\":[\"https:\\\/\\\/www.dr-martinalemke.de\\\/index.php\\\/impressum\\\/\"]}]},{\"@type\":\"BreadcrumbList\",\"@id\":\"https:\\\/\\\/www.dr-martinalemke.de\\\/index.php\\\/impressum\\\/#breadcrumb\",\"itemListElement\":[{\"@type\":\"ListItem\",\"position\":1,\"name\":\"Startseite\",\"item\":\"https:\\\/\\\/www.dr-martinalemke.de\\\/\"},{\"@type\":\"ListItem\",\"position\":2,\"name\":\"Impressum\"}]},{\"@type\":\"WebSite\",\"@id\":\"https:\\\/\\\/www.dr-martinalemke.de\\\/#website\",\"url\":\"https:\\\/\\\/www.dr-martinalemke.de\\\/\",\"name\":\"Dr. Martina Lemke\",\"description\":\"Ihre pers\u00f6nliche Arztpraxis\",\"potentialAction\":[{\"@type\":\"SearchAction\",\"target\":{\"@type\":\"EntryPoint\",\"urlTemplate\":\"https:\\\/\\\/www.dr-martinalemke.de\\\/?s={search_term_string}\"},\"query-input\":{\"@type\":\"PropertyValueSpecification\",\"valueRequired\":true,\"valueName\":\"search_term_string\"}}],\"inLanguage\":\"de\"}]}<\/script>\n<!-- \/ Yoast SEO plugin. -->","yoast_head_json":{"title":"Impressum - Dr. Martina Lemke","robots":{"index":"index","follow":"follow","max-snippet":"max-snippet:-1","max-image-preview":"max-image-preview:large","max-video-preview":"max-video-preview:-1"},"canonical":"https:\/\/www.dr-martinalemke.de\/index.php\/impressum\/","og_locale":"de_DE","og_type":"article","og_title":"Impressum - Dr. Martina Lemke","og_description":"Inhaltlich Verantwortliche: Dr. med.\u00a0Martina Lemke Helene-Mayer-Ring 14 80809 M\u00fcnchen Anschrift und Kontaktm\u00f6glichkeit: Dr. med.\u00a0Martina Lemke Helene-Mayer-Ring 14 80809 M\u00fcnchen Tel. 089\/35 74 72 00 e-mail: info@dr-martinalemke.de Zust\u00e4ndige Aufsichtsbeh\u00f6rde: Kassen\u00e4rztliche Vereinigung Bayerns Elsenheimerstr. 39 80687 M\u00fcnchen www.kvb.de Zust\u00e4ndige \u00c4rztekammer: Bayerische Landes\u00e4rztekammer M\u00fchlbaurstr. 16 81677 M\u00fcnchen www.blaek.de Gesetzliche Berufsbezeichung: Arzt\/\u00c4rztin Staat, der die Berufsbezeichung verliehen hat: Bundesrepublik\u00a0 [&hellip;]","og_url":"https:\/\/www.dr-martinalemke.de\/index.php\/impressum\/","og_site_name":"Dr. Martina Lemke","article_modified_time":"2016-02-03T09:29:31+00:00","twitter_card":"summary_large_image","twitter_misc":{"Gesch\u00e4tzte Lesezeit":"1\u00a0Minute"},"schema":{"@context":"https:\/\/schema.org","@graph":[{"@type":"WebPage","@id":"https:\/\/www.dr-martinalemke.de\/index.php\/impressum\/","url":"https:\/\/www.dr-martinalemke.de\/index.php\/impressum\/","name":"Impressum - Dr. Martina Lemke","isPartOf":{"@id":"https:\/\/www.dr-martinalemke.de\/#website"},"datePublished":"2012-01-21T18:37:35+00:00","dateModified":"2016-02-03T09:29:31+00:00","breadcrumb":{"@id":"https:\/\/www.dr-martinalemke.de\/index.php\/impressum\/#breadcrumb"},"inLanguage":"de","potentialAction":[{"@type":"ReadAction","target":["https:\/\/www.dr-martinalemke.de\/index.php\/impressum\/"]}]},{"@type":"BreadcrumbList","@id":"https:\/\/www.dr-martinalemke.de\/index.php\/impressum\/#breadcrumb","itemListElement":[{"@type":"ListItem","position":1,"name":"Startseite","item":"https:\/\/www.dr-martinalemke.de\/"},{"@type":"ListItem","position":2,"name":"Impressum"}]},{"@type":"WebSite","@id":"https:\/\/www.dr-martinalemke.de\/#website","url":"https:\/\/www.dr-martinalemke.de\/","name":"Dr. Martina Lemke","description":"Ihre pers\u00f6nliche Arztpraxis","potentialAction":[{"@type":"SearchAction","target":{"@type":"EntryPoint","urlTemplate":"https:\/\/www.dr-martinalemke.de\/?s={search_term_string}"},"query-input":{"@type":"PropertyValueSpecification","valueRequired":true,"valueName":"search_term_string"}}],"inLanguage":"de"}]}},"_links":{"self":[{"href":"https:\/\/www.dr-martinalemke.de\/index.php\/wp-json\/wp\/v2\/pages\/31","targetHints":{"allow":["GET"]}}],"collection":[{"href":"https:\/\/www.dr-martinalemke.de\/index.php\/wp-json\/wp\/v2\/pages"}],"about":[{"href":"https:\/\/www.dr-martinalemke.de\/index.php\/wp-json\/wp\/v2\/types\/page"}],"author":[{"embeddable":true,"href":"https:\/\/www.dr-martinalemke.de\/index.php\/wp-json\/wp\/v2\/users\/2"}],"replies":[{"embeddable":true,"href":"https:\/\/www.dr-martinalemke.de\/index.php\/wp-json\/wp\/v2\/comments?post=31"}],"version-history":[{"count":0,"href":"https:\/\/www.dr-martinalemke.de\/index.php\/wp-json\/wp\/v2\/pages\/31\/revisions"}],"wp:attachment":[{"href":"https:\/\/www.dr-martinalemke.de\/index.php\/wp-json\/wp\/v2\/media?parent=31"}],"curies":[{"name":"wp","href":"https:\/\/api.w.org\/{rel}","templated":true}]}}