{"id":16,"date":"2012-01-21T18:33:09","date_gmt":"2012-01-21T18:33:09","guid":{"rendered":"http:\/\/brings-online.com\/demo\/praxis\/?page_id=16"},"modified":"2022-11-03T10:23:35","modified_gmt":"2022-11-03T09:23:35","slug":"anfahrt","status":"publish","type":"page","link":"https:\/\/www.dr-martinalemke.de\/index.php\/anfahrt\/","title":{"rendered":"Anfahrt"},"content":{"rendered":"<p>Der Helene-Mayer-Ring befindet sich im Zentrum des Olympiadorfes in M\u00fcnchen.<\/p>\n<p>&nbsp;<\/p>\n<h2>Mit dem PKW:<\/h2>\n<p>Richtung Olympiadorf, P+R Olympiazentrum<\/p>\n<p>&nbsp;<\/p>\n<h2>Mit \u00f6ffentlichen Verkehrsmitteln:<\/h2>\n<p>U3 Richtung Olympiadorf, ca. 3 Minuten Fu\u00dfweg ab Ausgang<\/p>\n","protected":false},"excerpt":{"rendered":"<p>Der Helene-Mayer-Ring befindet sich im Zentrum des Olympiadorfes in M\u00fcnchen. &nbsp; Mit dem PKW: Richtung Olympiadorf, P+R Olympiazentrum &nbsp; Mit \u00f6ffentlichen Verkehrsmitteln: U3 Richtung Olympiadorf, ca. 3 Minuten Fu\u00dfweg ab Ausgang<\/p>\n","protected":false},"author":2,"featured_media":0,"parent":0,"menu_order":0,"comment_status":"open","ping_status":"open","template":"page-fullwidth.php","meta":{"footnotes":""},"class_list":["post-16","page","type-page","status-publish","hentry"],"yoast_head":"<!-- This site is optimized with the Yoast SEO plugin v27.5 - https:\/\/yoast.com\/product\/yoast-seo-wordpress\/ -->\n<title>Anfahrt - Dr. Martina Lemke<\/title>\n<meta name=\"robots\" content=\"index, follow, max-snippet:-1, max-image-preview:large, max-video-preview:-1\" \/>\n<link rel=\"canonical\" href=\"https:\/\/www.dr-martinalemke.de\/index.php\/anfahrt\/\" \/>\n<meta property=\"og:locale\" content=\"de_DE\" \/>\n<meta property=\"og:type\" content=\"article\" \/>\n<meta property=\"og:title\" content=\"Anfahrt - Dr. Martina Lemke\" \/>\n<meta property=\"og:description\" content=\"Der Helene-Mayer-Ring befindet sich im Zentrum des Olympiadorfes in M\u00fcnchen. &nbsp; Mit dem PKW: Richtung Olympiadorf, P+R Olympiazentrum &nbsp; Mit \u00f6ffentlichen Verkehrsmitteln: U3 Richtung Olympiadorf, ca. 3 Minuten Fu\u00dfweg ab Ausgang\" \/>\n<meta property=\"og:url\" content=\"https:\/\/www.dr-martinalemke.de\/index.php\/anfahrt\/\" \/>\n<meta property=\"og:site_name\" content=\"Dr. Martina Lemke\" \/>\n<meta property=\"article:modified_time\" content=\"2022-11-03T09:23:35+00:00\" \/>\n<meta name=\"twitter:card\" content=\"summary_large_image\" \/>\n<script type=\"application\/ld+json\" class=\"yoast-schema-graph\">{\"@context\":\"https:\\\/\\\/schema.org\",\"@graph\":[{\"@type\":\"WebPage\",\"@id\":\"https:\\\/\\\/www.dr-martinalemke.de\\\/index.php\\\/anfahrt\\\/\",\"url\":\"https:\\\/\\\/www.dr-martinalemke.de\\\/index.php\\\/anfahrt\\\/\",\"name\":\"Anfahrt - Dr. Martina Lemke\",\"isPartOf\":{\"@id\":\"https:\\\/\\\/www.dr-martinalemke.de\\\/#website\"},\"datePublished\":\"2012-01-21T18:33:09+00:00\",\"dateModified\":\"2022-11-03T09:23:35+00:00\",\"breadcrumb\":{\"@id\":\"https:\\\/\\\/www.dr-martinalemke.de\\\/index.php\\\/anfahrt\\\/#breadcrumb\"},\"inLanguage\":\"de\",\"potentialAction\":[{\"@type\":\"ReadAction\",\"target\":[\"https:\\\/\\\/www.dr-martinalemke.de\\\/index.php\\\/anfahrt\\\/\"]}]},{\"@type\":\"BreadcrumbList\",\"@id\":\"https:\\\/\\\/www.dr-martinalemke.de\\\/index.php\\\/anfahrt\\\/#breadcrumb\",\"itemListElement\":[{\"@type\":\"ListItem\",\"position\":1,\"name\":\"Startseite\",\"item\":\"https:\\\/\\\/www.dr-martinalemke.de\\\/\"},{\"@type\":\"ListItem\",\"position\":2,\"name\":\"Anfahrt\"}]},{\"@type\":\"WebSite\",\"@id\":\"https:\\\/\\\/www.dr-martinalemke.de\\\/#website\",\"url\":\"https:\\\/\\\/www.dr-martinalemke.de\\\/\",\"name\":\"Dr. Martina Lemke\",\"description\":\"Ihre pers\u00f6nliche Arztpraxis\",\"potentialAction\":[{\"@type\":\"SearchAction\",\"target\":{\"@type\":\"EntryPoint\",\"urlTemplate\":\"https:\\\/\\\/www.dr-martinalemke.de\\\/?s={search_term_string}\"},\"query-input\":{\"@type\":\"PropertyValueSpecification\",\"valueRequired\":true,\"valueName\":\"search_term_string\"}}],\"inLanguage\":\"de\"}]}<\/script>\n<!-- \/ Yoast SEO plugin. -->","yoast_head_json":{"title":"Anfahrt - Dr. Martina Lemke","robots":{"index":"index","follow":"follow","max-snippet":"max-snippet:-1","max-image-preview":"max-image-preview:large","max-video-preview":"max-video-preview:-1"},"canonical":"https:\/\/www.dr-martinalemke.de\/index.php\/anfahrt\/","og_locale":"de_DE","og_type":"article","og_title":"Anfahrt - Dr. Martina Lemke","og_description":"Der Helene-Mayer-Ring befindet sich im Zentrum des Olympiadorfes in M\u00fcnchen. &nbsp; Mit dem PKW: Richtung Olympiadorf, P+R Olympiazentrum &nbsp; Mit \u00f6ffentlichen Verkehrsmitteln: U3 Richtung Olympiadorf, ca. 3 Minuten Fu\u00dfweg ab Ausgang","og_url":"https:\/\/www.dr-martinalemke.de\/index.php\/anfahrt\/","og_site_name":"Dr. Martina Lemke","article_modified_time":"2022-11-03T09:23:35+00:00","twitter_card":"summary_large_image","schema":{"@context":"https:\/\/schema.org","@graph":[{"@type":"WebPage","@id":"https:\/\/www.dr-martinalemke.de\/index.php\/anfahrt\/","url":"https:\/\/www.dr-martinalemke.de\/index.php\/anfahrt\/","name":"Anfahrt - Dr. Martina Lemke","isPartOf":{"@id":"https:\/\/www.dr-martinalemke.de\/#website"},"datePublished":"2012-01-21T18:33:09+00:00","dateModified":"2022-11-03T09:23:35+00:00","breadcrumb":{"@id":"https:\/\/www.dr-martinalemke.de\/index.php\/anfahrt\/#breadcrumb"},"inLanguage":"de","potentialAction":[{"@type":"ReadAction","target":["https:\/\/www.dr-martinalemke.de\/index.php\/anfahrt\/"]}]},{"@type":"BreadcrumbList","@id":"https:\/\/www.dr-martinalemke.de\/index.php\/anfahrt\/#breadcrumb","itemListElement":[{"@type":"ListItem","position":1,"name":"Startseite","item":"https:\/\/www.dr-martinalemke.de\/"},{"@type":"ListItem","position":2,"name":"Anfahrt"}]},{"@type":"WebSite","@id":"https:\/\/www.dr-martinalemke.de\/#website","url":"https:\/\/www.dr-martinalemke.de\/","name":"Dr. Martina Lemke","description":"Ihre pers\u00f6nliche Arztpraxis","potentialAction":[{"@type":"SearchAction","target":{"@type":"EntryPoint","urlTemplate":"https:\/\/www.dr-martinalemke.de\/?s={search_term_string}"},"query-input":{"@type":"PropertyValueSpecification","valueRequired":true,"valueName":"search_term_string"}}],"inLanguage":"de"}]}},"_links":{"self":[{"href":"https:\/\/www.dr-martinalemke.de\/index.php\/wp-json\/wp\/v2\/pages\/16","targetHints":{"allow":["GET"]}}],"collection":[{"href":"https:\/\/www.dr-martinalemke.de\/index.php\/wp-json\/wp\/v2\/pages"}],"about":[{"href":"https:\/\/www.dr-martinalemke.de\/index.php\/wp-json\/wp\/v2\/types\/page"}],"author":[{"embeddable":true,"href":"https:\/\/www.dr-martinalemke.de\/index.php\/wp-json\/wp\/v2\/users\/2"}],"replies":[{"embeddable":true,"href":"https:\/\/www.dr-martinalemke.de\/index.php\/wp-json\/wp\/v2\/comments?post=16"}],"version-history":[{"count":3,"href":"https:\/\/www.dr-martinalemke.de\/index.php\/wp-json\/wp\/v2\/pages\/16\/revisions"}],"predecessor-version":[{"id":2557,"href":"https:\/\/www.dr-martinalemke.de\/index.php\/wp-json\/wp\/v2\/pages\/16\/revisions\/2557"}],"wp:attachment":[{"href":"https:\/\/www.dr-martinalemke.de\/index.php\/wp-json\/wp\/v2\/media?parent=16"}],"curies":[{"name":"wp","href":"https:\/\/api.w.org\/{rel}","templated":true}]}}